{"id":779,"date":"2024-05-08T14:14:03","date_gmt":"2024-05-08T14:14:03","guid":{"rendered":"https:\/\/operalozafferano.com\/?post_type=product&#038;p=779"},"modified":"2024-05-13T06:50:43","modified_gmt":"2024-05-13T06:50:43","slug":"crema-giorno-per-donna","status":"publish","type":"product","link":"https:\/\/operalozafferano.com\/en\/prodotto\/crema-giorno-per-donna\/","title":{"rendered":"Crema Giorno per Donna"},"content":{"rendered":"<p>La leggera Crema Giorno allo Zafferano Crozia per Donna fa parte della serie cosmetica boutique Crozia Brilliance. La sua applicazione quotidiana garantisce un aspetto pi\u00f9 sano, fresco e visibilmente ringiovanito grazie alla combinazione di oltre 150 ingredienti biologici che agiscono a livello molecolare. L&#8217;azione dolce e benefica dello zafferano stimola i processi rigenerativi ed elimina eventuali imperfezioni. L&#8217;intensit\u00e0 del delicato fiore aiuta a rassodare tutte le aree del viso cos\u00ec puoi sempre apparire e sentirti perfetta. \u00c8 anche un antiossidante indispensabile che fornisce una protezione efficace contro i dannosi raggi UV. La crema da giorno allo zafferano regala una carnagione perfetta e liscia che non passer\u00e0 mai inosservata.<\/p>\n<p>Per usi cosmetici lo zafferano era usato gi\u00e0 in tempi antichi dalla regina egizia\u00a0 Cleopatra<\/p>\n<p><strong>Componenti<\/strong><\/p>\n<p><strong>Estratto di zafferano (estratto da stimmi di Crocus Sativus)<\/strong><strong>:<\/strong> un potente idratante naturale creato per migliorare l&#8217;elasticit\u00e0 della pelle. Un elisir di bellezza indispensabile che rallenta l&#8217;invecchiamento grazie alle sue propriet\u00e0 antiossidanti!<\/p>\n<p><strong>Olio di Crambe (olio di semi di Crambe Abyssinica):<\/strong> Ripristina e idrata la pelle donando un senso di morbidezza e comfort, nutrendola in profondit\u00e0 per farti sentire fresca tutto il giorno.<\/p>\n<p><strong>Olio di mandorle (olio di Prunus Amygdalus Dulcis Oil)<\/strong>: un alleato impareggiabile nella lotta contro le rughe grazie alla sua saturazione di vitamina E, chiamata anche la &#8220;vitamina della giovinezza&#8221;. Si assorbe rapidamente nella pelle e lascia una sensazione di freschezza.<\/p>\n<p><strong>Olio di Noce di Macadamia (olio di Noce di Macadamia Integrifolia):<\/strong> rallenta tutti i segni dell\u2019invecchiamento, favorendo la rigenerazione cellulare. Regola la secrezione oleosa e l&#8217;ottima azione ipoallergenica lo rende perfetto anche per le pelli pi\u00f9 sensibili.<\/p>\n<p><strong>Sodio Ialuronato (Sodium Hyaluronate):<\/strong> crea una struttura che fornisce un aumento istantaneo e visibile della densit\u00e0 della pelle. Aiuta a prevenire la perdita d&#8217;acqua transepidermica costruendo una barriera insormontabile.<\/p>\n<p><strong>Estratto acquoso di plancton fenossietanolo (EPS Seafill):<\/strong> stimola la sintesi di collagene ed elastina che ha un effetto tensore. La sua struttura fondente ha un effetto rapido e riparatore.<\/p>\n<p><strong>Acido ialuronico (Hydroviton 24)<\/strong>: la &#8220;fontana della giovinezza&#8221; responsabile della morbidezza della pelle. Le sue propriet\u00e0 idratanti consentono il mantenimento dell&#8217;umidit\u00e0 nelle cellule fino a 24 ore.<\/p>\n","protected":false},"excerpt":{"rendered":"<p><strong>Componenti<\/strong><\/p>\n<p><strong>Estratto di zafferano (estratto da stimmi di Crocus Sativus)<\/strong><strong>:<\/strong> un potente idratante naturale creato per migliorare l&#8217;elasticit\u00e0 della pelle. Un elisir di bellezza indispensabile che rallenta l&#8217;invecchiamento grazie alle sue propriet\u00e0 antiossidanti!<\/p>\n<p><strong>Olio di Crambe (olio di semi di Crambe Abyssinica):<\/strong> Ripristina e idrata la pelle donando un senso di morbidezza e comfort, nutrendola in profondit\u00e0 per farti sentire fresca tutto il giorno.<\/p>\n","protected":false},"featured_media":780,"comment_status":"open","ping_status":"closed","template":"","meta":{"_et_pb_use_builder":"","_et_pb_old_content":"","_et_gb_content_width":""},"product_brand":[],"product_cat":[58,52],"product_tag":[],"class_list":{"0":"post-779","1":"product","2":"type-product","3":"status-publish","4":"has-post-thumbnail","6":"product_cat-creme-allo-zafferrano","7":"product_cat-prodotti-con-zafferano","9":"first","10":"instock","11":"shipping-taxable","12":"product-type-simple"},"yoast_head":"<!-- This site is optimized with the Yoast SEO plugin v16.0.2 - https:\/\/yoast.com\/wordpress\/plugins\/seo\/ -->\n<title>Crema Giorno per Donna - Opera Lo Zafferano<\/title>\n<link rel=\"canonical\" href=\"https:\/\/operalozafferano.com\/en\/prodotto\/crema-giorno-per-donna\/\" \/>\n<meta property=\"og:locale\" content=\"en_US\" \/>\n<meta property=\"og:type\" content=\"article\" \/>\n<meta property=\"og:title\" content=\"Crema Giorno per Donna - Opera Lo Zafferano\" \/>\n<meta property=\"og:description\" content=\"Componenti  Estratto di zafferano (estratto da stimmi di Crocus Sativus): un potente idratante naturale creato per migliorare l&#039;elasticit\u00e0 della pelle. Un elisir di bellezza indispensabile che rallenta l&#039;invecchiamento grazie alle sue propriet\u00e0 antiossidanti!  Olio di Crambe (olio di semi di Crambe Abyssinica): Ripristina e idrata la pelle donando un senso di morbidezza e comfort, nutrendola in profondit\u00e0 per farti sentire fresca tutto il giorno.\" \/>\n<meta property=\"og:url\" content=\"https:\/\/operalozafferano.com\/en\/prodotto\/crema-giorno-per-donna\/\" \/>\n<meta property=\"og:site_name\" content=\"Opera Lo Zafferano\" \/>\n<meta property=\"article:publisher\" content=\"https:\/\/www.facebook.com\/operalozafferano\" \/>\n<meta property=\"article:modified_time\" content=\"2024-05-13T06:50:43+00:00\" \/>\n<meta property=\"og:image\" content=\"https:\/\/operalozafferano.com\/wp-content\/uploads\/2024\/05\/Creama-Giorno-Donna-1-1024x927.jpg\" \/>\n\t<meta property=\"og:image:width\" content=\"1024\" \/>\n\t<meta property=\"og:image:height\" content=\"927\" \/>\n<meta name=\"twitter:card\" content=\"summary_large_image\" \/>\n<meta name=\"twitter:label1\" content=\"Est. reading time\">\n\t<meta name=\"twitter:data1\" content=\"2 minutes\">\n<script type=\"application\/ld+json\" class=\"yoast-schema-graph\">{\"@context\":\"https:\/\/schema.org\",\"@graph\":[{\"@type\":\"Organization\",\"@id\":\"https:\/\/operalozafferano.com\/#organization\",\"name\":\"Opera Lo Zafferano\",\"url\":\"https:\/\/operalozafferano.com\/\",\"sameAs\":[\"https:\/\/www.facebook.com\/operalozafferano\",\"https:\/\/www.instagram.com\/operalozafferano\/\",\"https:\/\/www.youtube.com\/channel\/UCbSlZydKMgZxbrFbb182Cqg\",\"https:\/\/www.pinterest.it\/operalozafferano\/\"],\"logo\":{\"@type\":\"ImageObject\",\"@id\":\"https:\/\/operalozafferano.com\/#logo\",\"inLanguage\":\"en-US\",\"url\":\"https:\/\/operalozafferano.com\/wp-content\/uploads\/2021\/04\/Logo-Amazon-Opera-Lo-zafferano-black.jpg\",\"width\":1238,\"height\":1237,\"caption\":\"Opera Lo Zafferano\"},\"image\":{\"@id\":\"https:\/\/operalozafferano.com\/#logo\"}},{\"@type\":\"WebSite\",\"@id\":\"https:\/\/operalozafferano.com\/#website\",\"url\":\"https:\/\/operalozafferano.com\/\",\"name\":\"Opera Lo Zafferano\",\"description\":\"Zafferano puro in pistilli\",\"publisher\":{\"@id\":\"https:\/\/operalozafferano.com\/#organization\"},\"potentialAction\":[{\"@type\":\"SearchAction\",\"target\":\"https:\/\/operalozafferano.com\/?s={search_term_string}\",\"query-input\":\"required name=search_term_string\"}],\"inLanguage\":\"en-US\"},{\"@type\":\"ImageObject\",\"@id\":\"https:\/\/operalozafferano.com\/en\/prodotto\/crema-giorno-per-donna\/#primaryimage\",\"inLanguage\":\"en-US\",\"url\":\"https:\/\/operalozafferano.com\/wp-content\/uploads\/2024\/05\/Creama-Giorno-Donna-1.jpg\",\"width\":2556,\"height\":2313},{\"@type\":\"WebPage\",\"@id\":\"https:\/\/operalozafferano.com\/en\/prodotto\/crema-giorno-per-donna\/#webpage\",\"url\":\"https:\/\/operalozafferano.com\/en\/prodotto\/crema-giorno-per-donna\/\",\"name\":\"Crema Giorno per Donna - Opera Lo Zafferano\",\"isPartOf\":{\"@id\":\"https:\/\/operalozafferano.com\/#website\"},\"primaryImageOfPage\":{\"@id\":\"https:\/\/operalozafferano.com\/en\/prodotto\/crema-giorno-per-donna\/#primaryimage\"},\"datePublished\":\"2024-05-08T14:14:03+00:00\",\"dateModified\":\"2024-05-13T06:50:43+00:00\",\"breadcrumb\":{\"@id\":\"https:\/\/operalozafferano.com\/en\/prodotto\/crema-giorno-per-donna\/#breadcrumb\"},\"inLanguage\":\"en-US\",\"potentialAction\":[{\"@type\":\"ReadAction\",\"target\":[\"https:\/\/operalozafferano.com\/en\/prodotto\/crema-giorno-per-donna\/\"]}]},{\"@type\":\"BreadcrumbList\",\"@id\":\"https:\/\/operalozafferano.com\/en\/prodotto\/crema-giorno-per-donna\/#breadcrumb\",\"itemListElement\":[{\"@type\":\"ListItem\",\"position\":1,\"item\":{\"@type\":\"WebPage\",\"@id\":\"https:\/\/operalozafferano.com\/en\/\",\"url\":\"https:\/\/operalozafferano.com\/en\/\",\"name\":\"Home\"}},{\"@type\":\"ListItem\",\"position\":2,\"item\":{\"@type\":\"WebPage\",\"@id\":\"https:\/\/operalozafferano.com\/en\/buy-saffron-online\/\",\"url\":\"https:\/\/operalozafferano.com\/en\/buy-saffron-online\/\",\"name\":\"Buy Saffron Online\"}},{\"@type\":\"ListItem\",\"position\":3,\"item\":{\"@type\":\"WebPage\",\"@id\":\"https:\/\/operalozafferano.com\/en\/prodotto\/crema-giorno-per-donna\/\",\"url\":\"https:\/\/operalozafferano.com\/en\/prodotto\/crema-giorno-per-donna\/\",\"name\":\"Crema Giorno per Donna\"}}]}]}<\/script>\n<!-- \/ Yoast SEO plugin. -->","_links":{"self":[{"href":"https:\/\/operalozafferano.com\/en\/wp-json\/wp\/v2\/product\/779","targetHints":{"allow":["GET"]}}],"collection":[{"href":"https:\/\/operalozafferano.com\/en\/wp-json\/wp\/v2\/product"}],"about":[{"href":"https:\/\/operalozafferano.com\/en\/wp-json\/wp\/v2\/types\/product"}],"replies":[{"embeddable":true,"href":"https:\/\/operalozafferano.com\/en\/wp-json\/wp\/v2\/comments?post=779"}],"wp:featuredmedia":[{"embeddable":true,"href":"https:\/\/operalozafferano.com\/en\/wp-json\/wp\/v2\/media\/780"}],"wp:attachment":[{"href":"https:\/\/operalozafferano.com\/en\/wp-json\/wp\/v2\/media?parent=779"}],"wp:term":[{"taxonomy":"product_brand","embeddable":true,"href":"https:\/\/operalozafferano.com\/en\/wp-json\/wp\/v2\/product_brand?post=779"},{"taxonomy":"product_cat","embeddable":true,"href":"https:\/\/operalozafferano.com\/en\/wp-json\/wp\/v2\/product_cat?post=779"},{"taxonomy":"product_tag","embeddable":true,"href":"https:\/\/operalozafferano.com\/en\/wp-json\/wp\/v2\/product_tag?post=779"}],"curies":[{"name":"wp","href":"https:\/\/api.w.org\/{rel}","templated":true}]}}