{"id":782,"date":"2024-05-14T14:05:02","date_gmt":"2024-05-14T14:05:02","guid":{"rendered":"https:\/\/operalozafferano.com\/?post_type=product&#038;p=782"},"modified":"2024-05-14T14:37:22","modified_gmt":"2024-05-14T14:37:22","slug":"crema-notte-per-donna","status":"publish","type":"product","link":"https:\/\/operalozafferano.com\/en\/prodotto\/crema-notte-per-donna\/","title":{"rendered":"Crema Notte per Donna"},"content":{"rendered":"<p>La ricca Crema Notte allo Zafferano Crozia per Donna \u00e8 un eccezionale prodotto antiet\u00e0 per la pelle. Ha propriet\u00e0 rigenerative perfette che stimolano i processi di ringiovanimento. La sua formula delicata ridurr\u00e0 la comparsa di linee sottili e rughe aiutando la pelle ad apparire pi\u00f9 morbida, liscia e idratata. Le propriet\u00e0 ricostituenti dello zafferano rendono tutto questo possibile. La Crema Notte allo Zafferano \u00e8 un&#8217;invenzione che aumenta l&#8217;elasticit\u00e0 giovanile e rinforza la pelle. La potente azione antiossidante del piccolo fiore vellutato impedisce agli agenti inquinanti di danneggiare la pelle, e dona un aspetto fresco e luminoso. Contorni del viso visibilmente pi\u00f9 densi e levigati che non passeranno inosservati!<br \/>\nSvegliati ogni mattina ringiovanito e riposato con La Crema Notte Allo Zafferano<\/p>\n<p><strong>Componenti<\/strong><\/p>\n<p><strong>Estratto di zafferano (estratto da stimmi di Crocus Sativus)<\/strong>:ricco di antiossidanti che migliorano l&#8217;elasticit\u00e0 e l&#8217;idratazione della pelle. Gli effetti idratanti rallentano il processo di invecchiamento e mantengono la carnagione naturale.<br \/>\n<strong>Olio di Mandorla Dolce (olio di Prunus Amygdalus Dulcis):<\/strong> ha un effetto balsamico e levigante che rivitalizza la pelle. Il suo alto contenuto di proteine, minerali e acidi grassi dona una morbidezza setosa.<br \/>\n<strong>Olio di Noce di Macadamia (olio di Noce di Macadamia Integrifolia):<\/strong> una fonte inesauribile di vitamine A, E ed F che contribuisce all\u2019idratazione profonda. La sua capacit\u00e0 di regolare la secrezione oleosa lo rende adatto alle persone con pelle sensibile.<br \/>\n<strong>Olii vegetali:<\/strong> un complesso ringiovanente eccezionalmente naturale per proteggere la pelle dalle influenze esterne. Rallenta l&#8217;invecchiamento nutrendo e aiutando a cancellare tutte le imperfezioni.<br \/>\n<strong>Olio di albicocca (olio di nocciolo di Prunus Armeniaca):<\/strong> una fonte completamente naturale di acidi grassi Omega-9 che aiutano a trattenere l&#8217;umidit\u00e0 nella pelle. Indispensabile nella lotta contro la pelle secca.<br \/>\n<strong>Sodio Ialuronato (Sodium Hyaluronate):<\/strong> ineguagliabile per le sue propriet\u00e0 antiet\u00e0. Crea una densit\u00e0 cutanea palpabile e visibile e ne migliora l&#8217;idratazione.<\/p>\n","protected":false},"excerpt":{"rendered":"<p><strong>Componenti<\/strong><\/p>\n<p><strong>Estratto di zafferano (estratto da stimmi di Crocus Sativus):<\/strong>ricco di antiossidanti che migliorano l&#8217;elasticit\u00e0 e l&#8217;idratazione della pelle. Gli effetti idratanti rallentano il processo di invecchiamento e mantengono la carnagione naturale.<\/p>\n<p><strong>Olio di Mandorla Dolce (olio di Prunus Amygdalus Dulcis):<\/strong> ha un effetto balsamico e levigante che rivitalizza la pelle. Il suo alto contenuto di proteine, minerali e acidi grassi dona una morbidezza setosa.<\/p>\n","protected":false},"featured_media":780,"comment_status":"open","ping_status":"closed","template":"","meta":{"_et_pb_use_builder":"","_et_pb_old_content":"","_et_gb_content_width":""},"product_brand":[],"product_cat":[58,52],"product_tag":[],"class_list":{"0":"post-782","1":"product","2":"type-product","3":"status-publish","4":"has-post-thumbnail","6":"product_cat-creme-allo-zafferrano","7":"product_cat-prodotti-con-zafferano","9":"first","10":"instock","11":"shipping-taxable","12":"product-type-simple"},"yoast_head":"<!-- This site is optimized with the Yoast SEO plugin v16.0.2 - https:\/\/yoast.com\/wordpress\/plugins\/seo\/ -->\n<title>Crema Notte per Donna - Opera Lo Zafferano<\/title>\n<link rel=\"canonical\" href=\"https:\/\/operalozafferano.com\/en\/prodotto\/crema-notte-per-donna\/\" \/>\n<meta property=\"og:locale\" content=\"en_US\" \/>\n<meta property=\"og:type\" content=\"article\" \/>\n<meta property=\"og:title\" content=\"Crema Notte per Donna - Opera Lo Zafferano\" \/>\n<meta property=\"og:description\" content=\"Componenti  Estratto di zafferano (estratto da stimmi di Crocus Sativus):ricco di antiossidanti che migliorano l&#039;elasticit\u00e0 e l&#039;idratazione della pelle. Gli effetti idratanti rallentano il processo di invecchiamento e mantengono la carnagione naturale.  Olio di Mandorla Dolce (olio di Prunus Amygdalus Dulcis): ha un effetto balsamico e levigante che rivitalizza la pelle. Il suo alto contenuto di proteine, minerali e acidi grassi dona una morbidezza setosa.\" \/>\n<meta property=\"og:url\" content=\"https:\/\/operalozafferano.com\/en\/prodotto\/crema-notte-per-donna\/\" \/>\n<meta property=\"og:site_name\" content=\"Opera Lo Zafferano\" \/>\n<meta property=\"article:publisher\" content=\"https:\/\/www.facebook.com\/operalozafferano\" \/>\n<meta property=\"article:modified_time\" content=\"2024-05-14T14:37:22+00:00\" \/>\n<meta property=\"og:image\" content=\"https:\/\/operalozafferano.com\/wp-content\/uploads\/2024\/05\/Creama-Giorno-Donna-1-1024x927.jpg\" \/>\n\t<meta property=\"og:image:width\" content=\"1024\" \/>\n\t<meta property=\"og:image:height\" content=\"927\" \/>\n<meta name=\"twitter:card\" content=\"summary_large_image\" \/>\n<meta name=\"twitter:label1\" content=\"Est. reading time\">\n\t<meta name=\"twitter:data1\" content=\"2 minutes\">\n<script type=\"application\/ld+json\" class=\"yoast-schema-graph\">{\"@context\":\"https:\/\/schema.org\",\"@graph\":[{\"@type\":\"Organization\",\"@id\":\"https:\/\/operalozafferano.com\/#organization\",\"name\":\"Opera Lo Zafferano\",\"url\":\"https:\/\/operalozafferano.com\/\",\"sameAs\":[\"https:\/\/www.facebook.com\/operalozafferano\",\"https:\/\/www.instagram.com\/operalozafferano\/\",\"https:\/\/www.youtube.com\/channel\/UCbSlZydKMgZxbrFbb182Cqg\",\"https:\/\/www.pinterest.it\/operalozafferano\/\"],\"logo\":{\"@type\":\"ImageObject\",\"@id\":\"https:\/\/operalozafferano.com\/#logo\",\"inLanguage\":\"en-US\",\"url\":\"https:\/\/operalozafferano.com\/wp-content\/uploads\/2021\/04\/Logo-Amazon-Opera-Lo-zafferano-black.jpg\",\"width\":1238,\"height\":1237,\"caption\":\"Opera Lo Zafferano\"},\"image\":{\"@id\":\"https:\/\/operalozafferano.com\/#logo\"}},{\"@type\":\"WebSite\",\"@id\":\"https:\/\/operalozafferano.com\/#website\",\"url\":\"https:\/\/operalozafferano.com\/\",\"name\":\"Opera Lo Zafferano\",\"description\":\"Zafferano puro in pistilli\",\"publisher\":{\"@id\":\"https:\/\/operalozafferano.com\/#organization\"},\"potentialAction\":[{\"@type\":\"SearchAction\",\"target\":\"https:\/\/operalozafferano.com\/?s={search_term_string}\",\"query-input\":\"required name=search_term_string\"}],\"inLanguage\":\"en-US\"},{\"@type\":\"ImageObject\",\"@id\":\"https:\/\/operalozafferano.com\/en\/prodotto\/crema-notte-per-donna\/#primaryimage\",\"inLanguage\":\"en-US\",\"url\":\"https:\/\/operalozafferano.com\/wp-content\/uploads\/2024\/05\/Creama-Giorno-Donna-1.jpg\",\"width\":2556,\"height\":2313},{\"@type\":\"WebPage\",\"@id\":\"https:\/\/operalozafferano.com\/en\/prodotto\/crema-notte-per-donna\/#webpage\",\"url\":\"https:\/\/operalozafferano.com\/en\/prodotto\/crema-notte-per-donna\/\",\"name\":\"Crema Notte per Donna - Opera Lo Zafferano\",\"isPartOf\":{\"@id\":\"https:\/\/operalozafferano.com\/#website\"},\"primaryImageOfPage\":{\"@id\":\"https:\/\/operalozafferano.com\/en\/prodotto\/crema-notte-per-donna\/#primaryimage\"},\"datePublished\":\"2024-05-14T14:05:02+00:00\",\"dateModified\":\"2024-05-14T14:37:22+00:00\",\"breadcrumb\":{\"@id\":\"https:\/\/operalozafferano.com\/en\/prodotto\/crema-notte-per-donna\/#breadcrumb\"},\"inLanguage\":\"en-US\",\"potentialAction\":[{\"@type\":\"ReadAction\",\"target\":[\"https:\/\/operalozafferano.com\/en\/prodotto\/crema-notte-per-donna\/\"]}]},{\"@type\":\"BreadcrumbList\",\"@id\":\"https:\/\/operalozafferano.com\/en\/prodotto\/crema-notte-per-donna\/#breadcrumb\",\"itemListElement\":[{\"@type\":\"ListItem\",\"position\":1,\"item\":{\"@type\":\"WebPage\",\"@id\":\"https:\/\/operalozafferano.com\/en\/\",\"url\":\"https:\/\/operalozafferano.com\/en\/\",\"name\":\"Home\"}},{\"@type\":\"ListItem\",\"position\":2,\"item\":{\"@type\":\"WebPage\",\"@id\":\"https:\/\/operalozafferano.com\/en\/buy-saffron-online\/\",\"url\":\"https:\/\/operalozafferano.com\/en\/buy-saffron-online\/\",\"name\":\"Buy Saffron Online\"}},{\"@type\":\"ListItem\",\"position\":3,\"item\":{\"@type\":\"WebPage\",\"@id\":\"https:\/\/operalozafferano.com\/en\/prodotto\/crema-notte-per-donna\/\",\"url\":\"https:\/\/operalozafferano.com\/en\/prodotto\/crema-notte-per-donna\/\",\"name\":\"Crema Notte per Donna\"}}]}]}<\/script>\n<!-- \/ Yoast SEO plugin. -->","_links":{"self":[{"href":"https:\/\/operalozafferano.com\/en\/wp-json\/wp\/v2\/product\/782","targetHints":{"allow":["GET"]}}],"collection":[{"href":"https:\/\/operalozafferano.com\/en\/wp-json\/wp\/v2\/product"}],"about":[{"href":"https:\/\/operalozafferano.com\/en\/wp-json\/wp\/v2\/types\/product"}],"replies":[{"embeddable":true,"href":"https:\/\/operalozafferano.com\/en\/wp-json\/wp\/v2\/comments?post=782"}],"wp:featuredmedia":[{"embeddable":true,"href":"https:\/\/operalozafferano.com\/en\/wp-json\/wp\/v2\/media\/780"}],"wp:attachment":[{"href":"https:\/\/operalozafferano.com\/en\/wp-json\/wp\/v2\/media?parent=782"}],"wp:term":[{"taxonomy":"product_brand","embeddable":true,"href":"https:\/\/operalozafferano.com\/en\/wp-json\/wp\/v2\/product_brand?post=782"},{"taxonomy":"product_cat","embeddable":true,"href":"https:\/\/operalozafferano.com\/en\/wp-json\/wp\/v2\/product_cat?post=782"},{"taxonomy":"product_tag","embeddable":true,"href":"https:\/\/operalozafferano.com\/en\/wp-json\/wp\/v2\/product_tag?post=782"}],"curies":[{"name":"wp","href":"https:\/\/api.w.org\/{rel}","templated":true}]}}